{"id":15,"date":"2026-04-21T09:51:20","date_gmt":"2026-04-21T09:51:20","guid":{"rendered":"https:\/\/www.koniefurmanka.pl\/furmanka\/?page_id=15"},"modified":"2026-04-21T14:54:05","modified_gmt":"2026-04-21T14:54:05","slug":"cennik","status":"publish","type":"page","link":"https:\/\/www.koniefurmanka.pl\/furmanka\/cennik\/","title":{"rendered":"Cennik"},"content":{"rendered":"\n<div class=\"wp-block-uagb-container uagb-block-c61c2f5d alignfull uagb-is-root-container\"><div class=\"uagb-container-inner-blocks-wrap\">\n<div class=\"wp-block-uagb-advanced-heading uagb-block-4aed6b5d\"><h2 class=\"uagb-heading-text\">Your Attractive Heading<\/h2><\/div>\n\n\n\n<div class=\"wp-block-uagb-advanced-heading uagb-block-12c6d5a0\"><h2 class=\"uagb-heading-text\">FurmAnka &#8211; budynek g\u0142\u00f3wny (pokoje z \u0142azienkami)<\/h2><\/div>\n\n\n\n<div class=\"wp-block-uagb-container uagb-block-6b2f2374\">\n<div class=\"wp-block-uagb-restaurant-menu uagb-block-06628296 uagb-rm__desk-column-1 uagb-rm__tablet-column-2 uagb-rm__mobile-column-1\">\n<div class=\"wp-block-uagb-restaurant-menu-child uagb-rest_menu__wrap\"><div class=\"uagb-rm__content\"><div class=\"uagb-rm-details\"><h4 class=\"uagb-rm__title\">Menu Item<\/h4><div class=\"uagb-rm__desc\">Lorem ipsum dolor sit amet, consectetur adipiscing elit.<\/div><\/div><span class=\"uagb-rm__price\"><\/span><\/div><div class=\"uagb-rm__separator\"><\/div><\/div>\n\n\n\n<div class=\"wp-block-uagb-restaurant-menu-child uagb-rest_menu__wrap\"><div class=\"uagb-rm__content\"><div class=\"uagb-rm-details\"><h4 class=\"uagb-rm__title\">Menu Item<\/h4><div class=\"uagb-rm__desc\">Lorem ipsum dolor sit amet, consectetur adipiscing elit.<\/div><\/div><span class=\"uagb-rm__price\">$9<\/span><\/div><div class=\"uagb-rm__separator\"><\/div><\/div>\n\n\n\n<div class=\"wp-block-uagb-restaurant-menu-child uagb-rest_menu__wrap\"><div class=\"uagb-rm__content\"><div class=\"uagb-rm-details\"><h4 class=\"uagb-rm__title\">Menu Item<\/h4><div class=\"uagb-rm__desc\">Lorem ipsum dolor sit amet, consectetur adipiscing elit.<\/div><\/div><span class=\"uagb-rm__price\">$9<\/span><\/div><div class=\"uagb-rm__separator\"><\/div><\/div>\n\n\n\n<div class=\"wp-block-uagb-restaurant-menu-child uagb-rest_menu__wrap\"><div class=\"uagb-rm__content\"><div class=\"uagb-rm-details\"><h4 class=\"uagb-rm__title\">Menu Item<\/h4><div class=\"uagb-rm__desc\">Lorem ipsum dolor sit amet, consectetur adipiscing elit.<\/div><\/div><span class=\"uagb-rm__price\">$9<\/span><\/div><div class=\"uagb-rm__separator\"><\/div><\/div>\n<\/div>\n<\/div>\n<\/div><\/div>\n","protected":false},"excerpt":{"rendered":"<p>Your Attractive Heading FurmAnka &#8211; budynek g\u0142\u00f3wny (pokoje z \u0142azienkami)<\/p>\n","protected":false},"author":1,"featured_media":0,"parent":0,"menu_order":0,"comment_status":"closed","ping_status":"closed","template":"","meta":{"_uag_custom_page_level_css":"","site-sidebar-layout":"default","site-content-layout":"","ast-site-content-layout":"default","site-content-style":"default","site-sidebar-style":"default","ast-global-header-display":"","ast-banner-title-visibility":"","ast-main-header-display":"","ast-hfb-above-header-display":"","ast-hfb-below-header-display":"","ast-hfb-mobile-header-display":"","site-post-title":"disabled","ast-breadcrumbs-content":"","ast-featured-img":"","footer-sml-layout":"","ast-disable-related-posts":"","theme-transparent-header-meta":"","adv-header-id-meta":"","stick-header-meta":"","header-above-stick-meta":"","header-main-stick-meta":"","header-below-stick-meta":"","astra-migrate-meta-layouts":"default","ast-page-background-enabled":"default","ast-page-background-meta":{"desktop":{"background-color":"var(--ast-global-color-5)","background-image":"","background-repeat":"repeat","background-position":"center center","background-size":"auto","background-attachment":"scroll","background-type":"","background-media":"","overlay-type":"","overlay-color":"","overlay-opacity":"","overlay-gradient":""},"tablet":{"background-color":"","background-image":"","background-repeat":"repeat","background-position":"center center","background-size":"auto","background-attachment":"scroll","background-type":"","background-media":"","overlay-type":"","overlay-color":"","overlay-opacity":"","overlay-gradient":""},"mobile":{"background-color":"","background-image":"","background-repeat":"repeat","background-position":"center center","background-size":"auto","background-attachment":"scroll","background-type":"","background-media":"","overlay-type":"","overlay-color":"","overlay-opacity":"","overlay-gradient":""}},"ast-content-background-meta":{"desktop":{"background-color":"var(--ast-global-color-4)","background-image":"","background-repeat":"repeat","background-position":"center center","background-size":"auto","background-attachment":"scroll","background-type":"","background-media":"","overlay-type":"","overlay-color":"","overlay-opacity":"","overlay-gradient":""},"tablet":{"background-color":"var(--ast-global-color-4)","background-image":"","background-repeat":"repeat","background-position":"center center","background-size":"auto","background-attachment":"scroll","background-type":"","background-media":"","overlay-type":"","overlay-color":"","overlay-opacity":"","overlay-gradient":""},"mobile":{"background-color":"var(--ast-global-color-4)","background-image":"","background-repeat":"repeat","background-position":"center center","background-size":"auto","background-attachment":"scroll","background-type":"","background-media":"","overlay-type":"","overlay-color":"","overlay-opacity":"","overlay-gradient":""}},"footnotes":""},"class_list":["post-15","page","type-page","status-publish","hentry"],"yoast_head":"<!-- This site is optimized with the Yoast SEO plugin v27.4 - https:\/\/yoast.com\/product\/yoast-seo-wordpress\/ -->\n<title>Cennik -<\/title>\n<meta name=\"robots\" content=\"index, follow, max-snippet:-1, max-image-preview:large, max-video-preview:-1\" \/>\n<link rel=\"canonical\" href=\"https:\/\/www.koniefurmanka.pl\/furmanka\/cennik\/\" \/>\n<meta property=\"og:locale\" content=\"pl_PL\" \/>\n<meta property=\"og:type\" content=\"article\" \/>\n<meta property=\"og:title\" content=\"Cennik -\" \/>\n<meta property=\"og:description\" content=\"Your Attractive Heading FurmAnka &#8211; budynek g\u0142\u00f3wny (pokoje z \u0142azienkami)\" \/>\n<meta property=\"og:url\" content=\"https:\/\/www.koniefurmanka.pl\/furmanka\/cennik\/\" \/>\n<meta property=\"article:modified_time\" content=\"2026-04-21T14:54:05+00:00\" \/>\n<meta name=\"twitter:card\" content=\"summary_large_image\" \/>\n<script type=\"application\/ld+json\" class=\"yoast-schema-graph\">{\"@context\":\"https:\\\/\\\/schema.org\",\"@graph\":[{\"@type\":\"WebPage\",\"@id\":\"https:\\\/\\\/www.koniefurmanka.pl\\\/furmanka\\\/cennik\\\/\",\"url\":\"https:\\\/\\\/www.koniefurmanka.pl\\\/furmanka\\\/cennik\\\/\",\"name\":\"Cennik -\",\"isPartOf\":{\"@id\":\"https:\\\/\\\/www.koniefurmanka.pl\\\/furmanka\\\/#website\"},\"datePublished\":\"2026-04-21T09:51:20+00:00\",\"dateModified\":\"2026-04-21T14:54:05+00:00\",\"breadcrumb\":{\"@id\":\"https:\\\/\\\/www.koniefurmanka.pl\\\/furmanka\\\/cennik\\\/#breadcrumb\"},\"inLanguage\":\"pl-PL\",\"potentialAction\":[{\"@type\":\"ReadAction\",\"target\":[\"https:\\\/\\\/www.koniefurmanka.pl\\\/furmanka\\\/cennik\\\/\"]}]},{\"@type\":\"BreadcrumbList\",\"@id\":\"https:\\\/\\\/www.koniefurmanka.pl\\\/furmanka\\\/cennik\\\/#breadcrumb\",\"itemListElement\":[{\"@type\":\"ListItem\",\"position\":1,\"name\":\"Strona g\u0142\u00f3wna\",\"item\":\"https:\\\/\\\/www.koniefurmanka.pl\\\/furmanka\\\/\"},{\"@type\":\"ListItem\",\"position\":2,\"name\":\"Cennik\"}]},{\"@type\":\"WebSite\",\"@id\":\"https:\\\/\\\/www.koniefurmanka.pl\\\/furmanka\\\/#website\",\"url\":\"https:\\\/\\\/www.koniefurmanka.pl\\\/furmanka\\\/\",\"name\":\"\",\"description\":\"\",\"potentialAction\":[{\"@type\":\"SearchAction\",\"target\":{\"@type\":\"EntryPoint\",\"urlTemplate\":\"https:\\\/\\\/www.koniefurmanka.pl\\\/furmanka\\\/?s={search_term_string}\"},\"query-input\":{\"@type\":\"PropertyValueSpecification\",\"valueRequired\":true,\"valueName\":\"search_term_string\"}}],\"inLanguage\":\"pl-PL\"}]}<\/script>\n<!-- \/ Yoast SEO plugin. -->","yoast_head_json":{"title":"Cennik -","robots":{"index":"index","follow":"follow","max-snippet":"max-snippet:-1","max-image-preview":"max-image-preview:large","max-video-preview":"max-video-preview:-1"},"canonical":"https:\/\/www.koniefurmanka.pl\/furmanka\/cennik\/","og_locale":"pl_PL","og_type":"article","og_title":"Cennik -","og_description":"Your Attractive Heading FurmAnka &#8211; budynek g\u0142\u00f3wny (pokoje z \u0142azienkami)","og_url":"https:\/\/www.koniefurmanka.pl\/furmanka\/cennik\/","article_modified_time":"2026-04-21T14:54:05+00:00","twitter_card":"summary_large_image","schema":{"@context":"https:\/\/schema.org","@graph":[{"@type":"WebPage","@id":"https:\/\/www.koniefurmanka.pl\/furmanka\/cennik\/","url":"https:\/\/www.koniefurmanka.pl\/furmanka\/cennik\/","name":"Cennik -","isPartOf":{"@id":"https:\/\/www.koniefurmanka.pl\/furmanka\/#website"},"datePublished":"2026-04-21T09:51:20+00:00","dateModified":"2026-04-21T14:54:05+00:00","breadcrumb":{"@id":"https:\/\/www.koniefurmanka.pl\/furmanka\/cennik\/#breadcrumb"},"inLanguage":"pl-PL","potentialAction":[{"@type":"ReadAction","target":["https:\/\/www.koniefurmanka.pl\/furmanka\/cennik\/"]}]},{"@type":"BreadcrumbList","@id":"https:\/\/www.koniefurmanka.pl\/furmanka\/cennik\/#breadcrumb","itemListElement":[{"@type":"ListItem","position":1,"name":"Strona g\u0142\u00f3wna","item":"https:\/\/www.koniefurmanka.pl\/furmanka\/"},{"@type":"ListItem","position":2,"name":"Cennik"}]},{"@type":"WebSite","@id":"https:\/\/www.koniefurmanka.pl\/furmanka\/#website","url":"https:\/\/www.koniefurmanka.pl\/furmanka\/","name":"","description":"","potentialAction":[{"@type":"SearchAction","target":{"@type":"EntryPoint","urlTemplate":"https:\/\/www.koniefurmanka.pl\/furmanka\/?s={search_term_string}"},"query-input":{"@type":"PropertyValueSpecification","valueRequired":true,"valueName":"search_term_string"}}],"inLanguage":"pl-PL"}]}},"uagb_featured_image_src":{"full":false,"thumbnail":false,"medium":false,"medium_large":false,"large":false,"1536x1536":false,"2048x2048":false},"uagb_author_info":{"display_name":"admin","author_link":"https:\/\/www.koniefurmanka.pl\/furmanka\/author\/admin\/"},"uagb_comment_info":0,"uagb_excerpt":"Your Attractive Heading FurmAnka &#8211; budynek g\u0142\u00f3wny (pokoje z \u0142azienkami)","_links":{"self":[{"href":"https:\/\/www.koniefurmanka.pl\/furmanka\/wp-json\/wp\/v2\/pages\/15","targetHints":{"allow":["GET"]}}],"collection":[{"href":"https:\/\/www.koniefurmanka.pl\/furmanka\/wp-json\/wp\/v2\/pages"}],"about":[{"href":"https:\/\/www.koniefurmanka.pl\/furmanka\/wp-json\/wp\/v2\/types\/page"}],"author":[{"embeddable":true,"href":"https:\/\/www.koniefurmanka.pl\/furmanka\/wp-json\/wp\/v2\/users\/1"}],"replies":[{"embeddable":true,"href":"https:\/\/www.koniefurmanka.pl\/furmanka\/wp-json\/wp\/v2\/comments?post=15"}],"version-history":[{"count":3,"href":"https:\/\/www.koniefurmanka.pl\/furmanka\/wp-json\/wp\/v2\/pages\/15\/revisions"}],"predecessor-version":[{"id":119,"href":"https:\/\/www.koniefurmanka.pl\/furmanka\/wp-json\/wp\/v2\/pages\/15\/revisions\/119"}],"wp:attachment":[{"href":"https:\/\/www.koniefurmanka.pl\/furmanka\/wp-json\/wp\/v2\/media?parent=15"}],"curies":[{"name":"wp","href":"https:\/\/api.w.org\/{rel}","templated":true}]}}